{"id":1740,"date":"2022-04-12T01:33:14","date_gmt":"2022-04-12T01:33:14","guid":{"rendered":"https:\/\/ibizabyporto.com\/about-us\/"},"modified":"2022-08-20T14:39:55","modified_gmt":"2022-08-20T14:39:55","slug":"about-us","status":"publish","type":"page","link":"https:\/\/ibizabyporto.com\/en\/about-us\/","title":{"rendered":"About us"},"content":{"rendered":"\t\t<div data-elementor-type=\"wp-page\" data-elementor-id=\"1740\" class=\"elementor elementor-1740\">\n\t\t\t\t\t\t\t\t\t<section class=\"elementor-section elementor-top-section elementor-element elementor-element-744823df elementor-section-full_width animated-slow elementor-section-height-default elementor-section-height-default elementor-invisible\" data-id=\"744823df\" data-element_type=\"section\" data-settings=\"{&quot;animation&quot;:&quot;fadeIn&quot;}\">\n\t\t\t\t\t\t<div class=\"elementor-container elementor-column-gap-default\">\n\t\t\t\t\t<div class=\"elementor-column elementor-col-50 elementor-top-column elementor-element elementor-element-5bc2d429\" data-id=\"5bc2d429\" data-element_type=\"column\">\n\t\t\t<div class=\"elementor-widget-wrap elementor-element-populated\">\n\t\t\t\t\t\t\t\t<section class=\"elementor-section elementor-inner-section elementor-element elementor-element-c8c82af elementor-section-boxed elementor-section-height-default elementor-section-height-default\" data-id=\"c8c82af\" data-element_type=\"section\">\n\t\t\t\t\t\t<div class=\"elementor-container elementor-column-gap-no\">\n\t\t\t\t\t<div class=\"elementor-column elementor-col-100 elementor-inner-column elementor-element elementor-element-511dec3f\" data-id=\"511dec3f\" data-element_type=\"column\">\n\t\t\t<div class=\"elementor-widget-wrap elementor-element-populated\">\n\t\t\t\t\t\t\t\t<div class=\"elementor-element elementor-element-60e8edef elementor-widget elementor-widget-heading\" data-id=\"60e8edef\" data-element_type=\"widget\" data-widget_type=\"heading.default\">\n\t\t\t\t<div class=\"elementor-widget-container\">\n\t\t\t<style>\/*! elementor - v3.6.2 - 04-04-2022 *\/\n.elementor-heading-title{padding:0;margin:0;line-height:1}.elementor-widget-heading .elementor-heading-title[class*=elementor-size-]>a{color:inherit;font-size:inherit;line-height:inherit}.elementor-widget-heading .elementor-heading-title.elementor-size-small{font-size:15px}.elementor-widget-heading .elementor-heading-title.elementor-size-medium{font-size:19px}.elementor-widget-heading .elementor-heading-title.elementor-size-large{font-size:29px}.elementor-widget-heading .elementor-heading-title.elementor-size-xl{font-size:39px}.elementor-widget-heading .elementor-heading-title.elementor-size-xxl{font-size:59px}<\/style><h2 class=\"elementor-heading-title elementor-size-default\">\u00bfQui\u00e9nes Somos?<\/h2>\t\t<\/div>\n\t\t\t\t<\/div>\n\t\t\t\t\t<\/div>\n\t\t<\/div>\n\t\t\t\t\t\t\t<\/div>\n\t\t<\/section>\n\t\t\t\t<div class=\"elementor-element elementor-element-60f2f15a elementor-widget elementor-widget-text-editor\" data-id=\"60f2f15a\" data-element_type=\"widget\" data-widget_type=\"text-editor.default\">\n\t\t\t\t<div class=\"elementor-widget-container\">\n\t\t\t<style>\/*! elementor - v3.6.2 - 04-04-2022 *\/\n.elementor-widget-text-editor.elementor-drop-cap-view-stacked .elementor-drop-cap{background-color:#818a91;color:#fff}.elementor-widget-text-editor.elementor-drop-cap-view-framed .elementor-drop-cap{color:#818a91;border:3px solid;background-color:transparent}.elementor-widget-text-editor:not(.elementor-drop-cap-view-default) .elementor-drop-cap{margin-top:8px}.elementor-widget-text-editor:not(.elementor-drop-cap-view-default) .elementor-drop-cap-letter{width:1em;height:1em}.elementor-widget-text-editor .elementor-drop-cap{float:left;text-align:center;line-height:1;font-size:50px}.elementor-widget-text-editor .elementor-drop-cap-letter{display:inline-block}<\/style>\t\t\t\t<p>En IBIZA by Porto I3I hemos reinventado y adaptado el calzado de antes con estilo propio, con m\u00e1s dise\u00f1o, sofisticaci\u00f3n y, sobre todo, comodidad. I3IZA by Porto es lo \u00faltimo en Ibiza, la moda con la que potenciar\u00e1s tu conexi\u00f3n con la Isla o con la que podr\u00e1s sentirla muy cerca de ti. \u00a1Siente I3IZA all\u00e1 donde est\u00e9s!<\/p><p><br>En 2022 estamos celebrando 10 veranos contigo, recorriendo todo el mundo. Gracias por vuestra confianza todos estos a\u00f1os.<\/p>\t\t\t\t\t\t<\/div>\n\t\t\t\t<\/div>\n\t\t\t\t<div class=\"elementor-element elementor-element-46acbb4b elementor-widget elementor-widget-heading\" data-id=\"46acbb4b\" data-element_type=\"widget\" data-widget_type=\"heading.default\">\n\t\t\t\t<div class=\"elementor-widget-container\">\n\t\t\t<h2 class=\"elementor-heading-title elementor-size-default\">Feel the Island!<\/h2>\t\t<\/div>\n\t\t\t\t<\/div>\n\t\t\t\t<section class=\"elementor-section elementor-inner-section elementor-element elementor-element-3b602f8b elementor-section-boxed elementor-section-height-default elementor-section-height-default\" data-id=\"3b602f8b\" data-element_type=\"section\">\n\t\t\t\t\t\t<div class=\"elementor-container elementor-column-gap-no\">\n\t\t\t\t\t<div class=\"elementor-column elementor-col-50 elementor-inner-column elementor-element elementor-element-c03b4\" data-id=\"c03b4\" data-element_type=\"column\">\n\t\t\t<div class=\"elementor-widget-wrap elementor-element-populated\">\n\t\t\t\t\t\t\t\t<div class=\"elementor-element elementor-element-4001bd6b elementor-widget elementor-widget-image\" data-id=\"4001bd6b\" data-element_type=\"widget\" data-widget_type=\"image.default\">\n\t\t\t\t<div class=\"elementor-widget-container\">\n\t\t\t<style>\/*! elementor - v3.6.2 - 04-04-2022 *\/\n.elementor-widget-image{text-align:center}.elementor-widget-image a{display:inline-block}.elementor-widget-image a img[src$=\".svg\"]{width:48px}.elementor-widget-image img{vertical-align:middle;display:inline-block}<\/style>\t\t\t\t\t\t\t\t\t\t\t\t<img loading=\"lazy\" decoding=\"async\" width=\"800\" height=\"1200\" src=\"https:\/\/ibizabyporto.com\/wp-content\/uploads\/2022\/07\/sargantana-con-logo.jpg\" class=\"attachment-full size-full\" alt=\"\" srcset=\"https:\/\/ibizabyporto.com\/wp-content\/uploads\/2022\/07\/sargantana-con-logo.jpg 800w, https:\/\/ibizabyporto.com\/wp-content\/uploads\/2022\/07\/sargantana-con-logo-200x300.jpg 200w, https:\/\/ibizabyporto.com\/wp-content\/uploads\/2022\/07\/sargantana-con-logo-683x1024.jpg 683w, https:\/\/ibizabyporto.com\/wp-content\/uploads\/2022\/07\/sargantana-con-logo-768x1152.jpg 768w, https:\/\/ibizabyporto.com\/wp-content\/uploads\/2022\/07\/sargantana-con-logo-600x900.jpg 600w\" sizes=\"auto, (max-width: 800px) 100vw, 800px\" style=\"width:100%;height:150%;max-width:800px\" \/>\t\t\t\t\t\t\t\t\t\t\t\t\t\t\t<\/div>\n\t\t\t\t<\/div>\n\t\t\t\t\t<\/div>\n\t\t<\/div>\n\t\t\t\t<div class=\"elementor-column elementor-col-50 elementor-inner-column elementor-element elementor-element-e495f26\" data-id=\"e495f26\" data-element_type=\"column\">\n\t\t\t<div class=\"elementor-widget-wrap elementor-element-populated\">\n\t\t\t\t\t\t\t\t<div class=\"elementor-element elementor-element-6c9a1a7b elementor-widget elementor-widget-image\" data-id=\"6c9a1a7b\" data-element_type=\"widget\" data-widget_type=\"image.default\">\n\t\t\t\t<div class=\"elementor-widget-container\">\n\t\t\t\t\t\t\t\t\t\t\t\t\t\t\t<img loading=\"lazy\" decoding=\"async\" width=\"1238\" height=\"1547\" src=\"https:\/\/ibizabyporto.com\/wp-content\/uploads\/2022\/08\/1077624_335433326588531_1721289579_o.jpg\" class=\"attachment-full size-full\" alt=\"\" srcset=\"https:\/\/ibizabyporto.com\/wp-content\/uploads\/2022\/08\/1077624_335433326588531_1721289579_o.jpg 1238w, https:\/\/ibizabyporto.com\/wp-content\/uploads\/2022\/08\/1077624_335433326588531_1721289579_o-240x300.jpg 240w, https:\/\/ibizabyporto.com\/wp-content\/uploads\/2022\/08\/1077624_335433326588531_1721289579_o-819x1024.jpg 819w, https:\/\/ibizabyporto.com\/wp-content\/uploads\/2022\/08\/1077624_335433326588531_1721289579_o-768x960.jpg 768w, https:\/\/ibizabyporto.com\/wp-content\/uploads\/2022\/08\/1077624_335433326588531_1721289579_o-1229x1536.jpg 1229w, https:\/\/ibizabyporto.com\/wp-content\/uploads\/2022\/08\/1077624_335433326588531_1721289579_o-600x750.jpg 600w\" sizes=\"auto, (max-width: 1238px) 100vw, 1238px\" style=\"width:100%;height:124.96%;max-width:1238px\" \/>\t\t\t\t\t\t\t\t\t\t\t\t\t\t\t<\/div>\n\t\t\t\t<\/div>\n\t\t\t\t\t<\/div>\n\t\t<\/div>\n\t\t\t\t\t\t\t<\/div>\n\t\t<\/section>\n\t\t\t\t\t<\/div>\n\t\t<\/div>\n\t\t\t\t<div class=\"elementor-column elementor-col-50 elementor-top-column elementor-element elementor-element-7292ba0a\" data-id=\"7292ba0a\" data-element_type=\"column\">\n\t\t\t<div class=\"elementor-widget-wrap elementor-element-populated\">\n\t\t\t\t\t\t\t\t<div class=\"elementor-element elementor-element-1ca5b2b elementor-widget elementor-widget-image\" data-id=\"1ca5b2b\" data-element_type=\"widget\" data-widget_type=\"image.default\">\n\t\t\t\t<div class=\"elementor-widget-container\">\n\t\t\t\t\t\t\t\t\t\t\t\t\t\t\t<img loading=\"lazy\" decoding=\"async\" width=\"528\" height=\"960\" src=\"https:\/\/ibizabyporto.com\/wp-content\/uploads\/2022\/04\/elvira-miami-2.jpg\" class=\"attachment-full size-full\" alt=\"\" srcset=\"https:\/\/ibizabyporto.com\/wp-content\/uploads\/2022\/04\/elvira-miami-2.jpg 528w, https:\/\/ibizabyporto.com\/wp-content\/uploads\/2022\/04\/elvira-miami-2-165x300.jpg 165w\" sizes=\"auto, (max-width: 528px) 100vw, 528px\" style=\"width:100%;height:181.82%;max-width:528px\" \/>\t\t\t\t\t\t\t\t\t\t\t\t\t\t\t<\/div>\n\t\t\t\t<\/div>\n\t\t\t\t\t<\/div>\n\t\t<\/div>\n\t\t\t\t\t\t\t<\/div>\n\t\t<\/section>\n\t\t\t\t\t\t\t<\/div>\n\t\t","protected":false},"excerpt":{"rendered":"<p>Who are we? IBIZA by Porto I3I is the reinvention of the classic footwear adapted with our own style, design, sophistication and comfort. With IBIZA by Porto you will extend your connection with the Island no matter where you are. Feel I3IZA wherever you are! In 2022 we are celebrating 10 summers with you. Thank&hellip; <a class=\"more-link\" href=\"https:\/\/ibizabyporto.com\/en\/about-us\/\">Continue reading <span class=\"screen-reader-text\">About us<\/span><\/a><\/p>\n","protected":false},"author":1,"featured_media":0,"parent":0,"menu_order":0,"comment_status":"closed","ping_status":"closed","template":"elementor_header_footer","meta":{"spay_email":"","footnotes":""},"class_list":["post-1740","page","type-page","status-publish","hentry","entry"],"_links":{"self":[{"href":"https:\/\/ibizabyporto.com\/en\/wp-json\/wp\/v2\/pages\/1740","targetHints":{"allow":["GET"]}}],"collection":[{"href":"https:\/\/ibizabyporto.com\/en\/wp-json\/wp\/v2\/pages"}],"about":[{"href":"https:\/\/ibizabyporto.com\/en\/wp-json\/wp\/v2\/types\/page"}],"author":[{"embeddable":true,"href":"https:\/\/ibizabyporto.com\/en\/wp-json\/wp\/v2\/users\/1"}],"replies":[{"embeddable":true,"href":"https:\/\/ibizabyporto.com\/en\/wp-json\/wp\/v2\/comments?post=1740"}],"version-history":[{"count":1,"href":"https:\/\/ibizabyporto.com\/en\/wp-json\/wp\/v2\/pages\/1740\/revisions"}],"predecessor-version":[{"id":1766,"href":"https:\/\/ibizabyporto.com\/en\/wp-json\/wp\/v2\/pages\/1740\/revisions\/1766"}],"wp:attachment":[{"href":"https:\/\/ibizabyporto.com\/en\/wp-json\/wp\/v2\/media?parent=1740"}],"curies":[{"name":"wp","href":"https:\/\/api.w.org\/{rel}","templated":true}]}}