{"id":2193,"date":"2024-07-26T11:33:43","date_gmt":"2024-07-26T11:33:43","guid":{"rendered":"https:\/\/ibizabyporto.com\/?post_type=product&#038;p=2193"},"modified":"2024-08-01T09:51:59","modified_gmt":"2024-08-01T09:51:59","slug":"fucsia","status":"publish","type":"product","link":"https:\/\/ibizabyporto.com\/en\/producto\/fucsia\/","title":{"rendered":"F\u00daCSIA"},"content":{"rendered":"<p><strong>Calzado Fabricado en Espa\u00f1a<\/strong><br \/>\nDescubre la combinaci\u00f3n perfecta de estilo y comodidad con nuestras zapatillas fucsia, orgullosamente fabricadas en Espa\u00f1a. Cada par es un reflejo de la excelencia artesanal y la pasi\u00f3n por el dise\u00f1o de calidad.<\/p>\n<p><strong>Tejido Punteado Transpirable<\/strong><br \/>\nEl tejido punteado de estas zapatillas ofrece una transpirabilidad \u00f3ptima, ideal para mantener tus pies frescos y c\u00f3modos durante todo el d\u00eda. Perfecto para tus actividades cotidianas y para disfrutar de largos paseos.<\/p>\n<p><strong>Lavado en Seco<\/strong><br \/>\nPara mantener el vibrante color fucsia y la calidad del material, se recomienda el lavado en seco. Este cuidado especial garantiza que tus zapatillas se mantengan como nuevas, conservando su apariencia y forma.<\/p>\n<p><strong>Suela de Caucho Resistente<\/strong><br \/>\nLa suela de caucho proporciona una tracci\u00f3n superior y una resistencia excepcional, asegurando un uso prolongado y seguro en diversas superficies. Dise\u00f1adas para el confort diario, estas zapatillas son la elecci\u00f3n perfecta para cualquier ocasi\u00f3n casual.<\/p>\n<p>A\u00f1ade un toque de color y frescura a tu look con estas zapatillas de lona fucsia. Perfectas para quienes buscan comodidad sin sacrificar el estilo, estas zapatillas se convertir\u00e1n en un b\u00e1sico imprescindible en tu armario.<\/p>\n","protected":false},"excerpt":{"rendered":"<p>Calzado Fabricado en Espa\u00f1a Descubre la combinaci\u00f3n perfecta de estilo y comodidad con nuestras zapatillas fucsia, orgullosamente fabricadas en Espa\u00f1a. Cada par es un reflejo de la excelencia artesanal y la pasi\u00f3n por el dise\u00f1o de calidad. Tejido Punteado Transpirable El tejido punteado de estas zapatillas ofrece una transpirabilidad \u00f3ptima, ideal para mantener tus pies&hellip; <a class=\"more-link\" href=\"https:\/\/ibizabyporto.com\/en\/producto\/fucsia\/\">Continue reading <span class=\"screen-reader-text\">F\u00daCSIA<\/span><\/a><\/p>\n","protected":false},"featured_media":2191,"template":"","meta":{"spay_email":""},"product_brand":[],"product_cat":[15],"product_tag":[64,62,65,63,98,67],"class_list":{"0":"post-2193","1":"product","2":"type-product","3":"status-publish","4":"has-post-thumbnail","6":"product_cat-sin-categorizar","7":"product_tag-calzado","8":"product_tag-i3i","9":"product_tag-i3iza","10":"product_tag-ibiza","11":"product_tag-sneaker","12":"product_tag-zapas","13":"entry","15":"first","16":"instock","17":"taxable","18":"shipping-taxable","19":"purchasable","20":"product-type-variable"},"_links":{"self":[{"href":"https:\/\/ibizabyporto.com\/en\/wp-json\/wp\/v2\/product\/2193","targetHints":{"allow":["GET"]}}],"collection":[{"href":"https:\/\/ibizabyporto.com\/en\/wp-json\/wp\/v2\/product"}],"about":[{"href":"https:\/\/ibizabyporto.com\/en\/wp-json\/wp\/v2\/types\/product"}],"wp:featuredmedia":[{"embeddable":true,"href":"https:\/\/ibizabyporto.com\/en\/wp-json\/wp\/v2\/media\/2191"}],"wp:attachment":[{"href":"https:\/\/ibizabyporto.com\/en\/wp-json\/wp\/v2\/media?parent=2193"}],"wp:term":[{"taxonomy":"product_brand","embeddable":true,"href":"https:\/\/ibizabyporto.com\/en\/wp-json\/wp\/v2\/product_brand?post=2193"},{"taxonomy":"product_cat","embeddable":true,"href":"https:\/\/ibizabyporto.com\/en\/wp-json\/wp\/v2\/product_cat?post=2193"},{"taxonomy":"product_tag","embeddable":true,"href":"https:\/\/ibizabyporto.com\/en\/wp-json\/wp\/v2\/product_tag?post=2193"}],"curies":[{"name":"wp","href":"https:\/\/api.w.org\/{rel}","templated":true}]}}