{"id":2214,"date":"2024-07-26T11:50:29","date_gmt":"2024-07-26T11:50:29","guid":{"rendered":"https:\/\/ibizabyporto.com\/?post_type=product&#038;p=2214"},"modified":"2024-08-01T09:49:37","modified_gmt":"2024-08-01T09:49:37","slug":"groc","status":"publish","type":"product","link":"https:\/\/ibizabyporto.com\/en\/producto\/groc\/","title":{"rendered":"GROC"},"content":{"rendered":"<p><strong>Calzado Fabricado en Espa\u00f1a<\/strong><br \/>\nPresentamos nuestras elegantes zapatillas amarillas, elaboradas con esmero en Espa\u00f1a. Este calzado combina la herencia de la fabricaci\u00f3n local con un dise\u00f1o moderno y funcional, ideal para quienes buscan calidad y estilo.<\/p>\n<p><strong>Tejido Punteado Transpirable<\/strong><br \/>\nEl tejido punteado proporciona una excelente ventilaci\u00f3n, manteniendo tus pies frescos incluso en los d\u00edas m\u00e1s c\u00e1lidos. La comodidad y la transpirabilidad se unen para ofrecerte una experiencia de uso insuperable.<\/p>\n<p><strong>Lavado en Seco<\/strong><br \/>\nPara conservar la vibrante tonalidad amarilla y la calidad del material, se recomienda el lavado en seco. Este m\u00e9todo de cuidado ayuda a prolongar la vida \u00fatil de tus zapatillas, asegurando que luzcan siempre como nuevas.<\/p>\n<p><strong>Suela de Caucho Resistente<\/strong><br \/>\nLa suela est\u00e1 hecha de caucho duradero, proporcionando una tracci\u00f3n excepcional y resistencia al desgaste. Dise\u00f1adas para soportar el uso diario, estas zapatillas te ofrecen estabilidad y confort en cada paso.<\/p>\n<p>Estas zapatillas de lona amarilla son la elecci\u00f3n perfecta para complementar cualquier atuendo casual. Con su estilo atemporal y materiales de alta calidad, se convertir\u00e1n en un elemento b\u00e1sico en tu armario. \u00a1A\u00f1\u00e1delas a tu colecci\u00f3n y disfruta de la combinaci\u00f3n perfecta de comodidad y elegancia!<\/p>\n","protected":false},"excerpt":{"rendered":"<p>Calzado Fabricado en Espa\u00f1a Presentamos nuestras elegantes zapatillas amarillas, elaboradas con esmero en Espa\u00f1a. Este calzado combina la herencia de la fabricaci\u00f3n local con un dise\u00f1o moderno y funcional, ideal para quienes buscan calidad y estilo. Tejido Punteado Transpirable El tejido punteado proporciona una excelente ventilaci\u00f3n, manteniendo tus pies frescos incluso en los d\u00edas m\u00e1s&hellip; <a class=\"more-link\" href=\"https:\/\/ibizabyporto.com\/en\/producto\/groc\/\">Continue reading <span class=\"screen-reader-text\">GROC<\/span><\/a><\/p>\n","protected":false},"featured_media":2187,"template":"","meta":{"spay_email":""},"product_brand":[],"product_cat":[15],"product_tag":[64,62,65,63,98,67],"class_list":{"0":"post-2214","1":"product","2":"type-product","3":"status-publish","4":"has-post-thumbnail","6":"product_cat-sin-categorizar","7":"product_tag-calzado","8":"product_tag-i3i","9":"product_tag-i3iza","10":"product_tag-ibiza","11":"product_tag-sneaker","12":"product_tag-zapas","13":"entry","15":"first","16":"instock","17":"taxable","18":"shipping-taxable","19":"purchasable","20":"product-type-variable"},"_links":{"self":[{"href":"https:\/\/ibizabyporto.com\/en\/wp-json\/wp\/v2\/product\/2214","targetHints":{"allow":["GET"]}}],"collection":[{"href":"https:\/\/ibizabyporto.com\/en\/wp-json\/wp\/v2\/product"}],"about":[{"href":"https:\/\/ibizabyporto.com\/en\/wp-json\/wp\/v2\/types\/product"}],"wp:featuredmedia":[{"embeddable":true,"href":"https:\/\/ibizabyporto.com\/en\/wp-json\/wp\/v2\/media\/2187"}],"wp:attachment":[{"href":"https:\/\/ibizabyporto.com\/en\/wp-json\/wp\/v2\/media?parent=2214"}],"wp:term":[{"taxonomy":"product_brand","embeddable":true,"href":"https:\/\/ibizabyporto.com\/en\/wp-json\/wp\/v2\/product_brand?post=2214"},{"taxonomy":"product_cat","embeddable":true,"href":"https:\/\/ibizabyporto.com\/en\/wp-json\/wp\/v2\/product_cat?post=2214"},{"taxonomy":"product_tag","embeddable":true,"href":"https:\/\/ibizabyporto.com\/en\/wp-json\/wp\/v2\/product_tag?post=2214"}],"curies":[{"name":"wp","href":"https:\/\/api.w.org\/{rel}","templated":true}]}}