{"id":67,"date":"2022-04-11T23:34:27","date_gmt":"2022-04-11T23:34:27","guid":{"rendered":"https:\/\/ibizabyporto.com\/?post_type=product&#038;p=67"},"modified":"2025-06-15T12:32:30","modified_gmt":"2025-06-15T12:32:30","slug":"posidonia","status":"publish","type":"product","link":"https:\/\/ibizabyporto.com\/en\/producto\/posidonia\/","title":{"rendered":"Posidonia"},"content":{"rendered":"<p>Slip on Ibiza by Porto verde de rejilla con suela blanca con ribete y bordado I3I en verde haciendo de esta edici\u00f3n un zapato que destaca all\u00e1 donde vayas y aunque parezca dif\u00edcil, combina muy bien.<br \/>\nLas tallas de esta zapatilla van de la 40 hasta la 45.<br \/>\nSe pueden lavar en la lavadora a una temperatura m\u00e1xima de 30 grados.<\/p>\n","protected":false},"excerpt":{"rendered":"<p>Slip on Ibiza by Porto verde de rejilla con suela blanca con ribete y bordado I3I en verde haciendo de esta edici\u00f3n un zapato que destaca all\u00e1 donde vayas y aunque parezca dif\u00edcil, combina muy bien.<br \/>\nLas tallas de esta zapatilla van de la 40 hasta la 45.<br \/>\nSe pueden lavar en la lavadora a una temperatura m\u00e1xima de 30 grados.<\/p>\n","protected":false},"featured_media":1667,"template":"","meta":{"spay_email":""},"product_brand":[],"product_cat":[30],"product_tag":[],"class_list":{"0":"post-67","1":"product","2":"type-product","3":"status-publish","4":"has-post-thumbnail","6":"product_cat-rejilla","7":"entry","9":"first","10":"instock","11":"taxable","12":"shipping-taxable","13":"purchasable","14":"product-type-variable"},"_links":{"self":[{"href":"https:\/\/ibizabyporto.com\/en\/wp-json\/wp\/v2\/product\/67","targetHints":{"allow":["GET"]}}],"collection":[{"href":"https:\/\/ibizabyporto.com\/en\/wp-json\/wp\/v2\/product"}],"about":[{"href":"https:\/\/ibizabyporto.com\/en\/wp-json\/wp\/v2\/types\/product"}],"wp:featuredmedia":[{"embeddable":true,"href":"https:\/\/ibizabyporto.com\/en\/wp-json\/wp\/v2\/media\/1667"}],"wp:attachment":[{"href":"https:\/\/ibizabyporto.com\/en\/wp-json\/wp\/v2\/media?parent=67"}],"wp:term":[{"taxonomy":"product_brand","embeddable":true,"href":"https:\/\/ibizabyporto.com\/en\/wp-json\/wp\/v2\/product_brand?post=67"},{"taxonomy":"product_cat","embeddable":true,"href":"https:\/\/ibizabyporto.com\/en\/wp-json\/wp\/v2\/product_cat?post=67"},{"taxonomy":"product_tag","embeddable":true,"href":"https:\/\/ibizabyporto.com\/en\/wp-json\/wp\/v2\/product_tag?post=67"}],"curies":[{"name":"wp","href":"https:\/\/api.w.org\/{rel}","templated":true}]}}