{"id":86,"date":"2022-04-11T23:58:28","date_gmt":"2022-04-11T23:58:28","guid":{"rendered":"https:\/\/ibizabyporto.com\/?post_type=product&#038;p=86"},"modified":"2025-06-15T12:30:31","modified_gmt":"2025-06-15T12:30:31","slug":"roig","status":"publish","type":"product","link":"https:\/\/ibizabyporto.com\/en\/producto\/roig\/","title":{"rendered":"ROIG"},"content":{"rendered":"<p>Reeditamos nuestras zapatillas de moda de Ibiza rojas. Un color atrevido y que dar\u00e1 colorido a tu verano.<br \/>\nUnos zapatos rojos son motivo de atenci\u00f3n, si no te gusta pasar desapercibida este modelo est\u00e1 hecho para ti y no puede faltar en tu colecci\u00f3n.<br \/>\nTodos nuestros modelos necesitan unas horas para que puedan ser moldeados por tu pie. Una vez que los sneakers se hayan acomodado a tus pies los podr\u00e1s llevar por muchas horas y kil\u00f3metros sin molestias.<br \/>\n\u00bfCon qu\u00e9 combinar este calzado? Quedan genial con shorts, ba\u00f1adores, pantalones ajustados.<\/p>\n","protected":false},"excerpt":{"rendered":"<p>Slip on Ibiza by Porto rojos de piqu\u00e9 con suela blanca con ribete en blanco y bordado I3I en rojo.<br \/>\nLas tallas de esta zapatilla van de la 36 hasta la 40.<br \/>\nSe recomienda su limpieza con un pa\u00f1o, no meter en la lavadora.<\/p>\n","protected":false},"featured_media":1283,"template":"","meta":{"spay_email":""},"product_brand":[],"product_cat":[29],"product_tag":[],"class_list":{"0":"post-86","1":"product","2":"type-product","3":"status-publish","4":"has-post-thumbnail","6":"product_cat-pique","7":"entry","9":"first","10":"instock","11":"taxable","12":"shipping-taxable","13":"purchasable","14":"product-type-variable"},"_links":{"self":[{"href":"https:\/\/ibizabyporto.com\/en\/wp-json\/wp\/v2\/product\/86","targetHints":{"allow":["GET"]}}],"collection":[{"href":"https:\/\/ibizabyporto.com\/en\/wp-json\/wp\/v2\/product"}],"about":[{"href":"https:\/\/ibizabyporto.com\/en\/wp-json\/wp\/v2\/types\/product"}],"wp:featuredmedia":[{"embeddable":true,"href":"https:\/\/ibizabyporto.com\/en\/wp-json\/wp\/v2\/media\/1283"}],"wp:attachment":[{"href":"https:\/\/ibizabyporto.com\/en\/wp-json\/wp\/v2\/media?parent=86"}],"wp:term":[{"taxonomy":"product_brand","embeddable":true,"href":"https:\/\/ibizabyporto.com\/en\/wp-json\/wp\/v2\/product_brand?post=86"},{"taxonomy":"product_cat","embeddable":true,"href":"https:\/\/ibizabyporto.com\/en\/wp-json\/wp\/v2\/product_cat?post=86"},{"taxonomy":"product_tag","embeddable":true,"href":"https:\/\/ibizabyporto.com\/en\/wp-json\/wp\/v2\/product_tag?post=86"}],"curies":[{"name":"wp","href":"https:\/\/api.w.org\/{rel}","templated":true}]}}